{"id":20,"date":"2016-05-26T10:05:11","date_gmt":"2016-05-26T10:05:11","guid":{"rendered":"http:\/\/dr-christoph-schumacher.de\/?page_id=20"},"modified":"2022-07-14T15:54:44","modified_gmt":"2022-07-14T15:54:44","slug":"anfahrt","status":"publish","type":"page","link":"https:\/\/dr-christoph-schumacher.de\/?page_id=20","title":{"rendered":""},"content":{"rendered":"<hr \/>\n<p>Sie finden uns in Badenweiler am Z\u00f6llinplatz 3<br \/>\nam Ende der Fu\u00dfg\u00e4ngerzone.<\/p>\n<p><img loading=\"lazy\" decoding=\"async\" class=\"alignnone wp-image-23\" src=\"https:\/\/dr-christoph-schumacher.de\/wp-content\/uploads\/2016\/05\/praxis_badenweiler-31-1-768x512-300x200.jpg\" width=\"534\" height=\"356\" srcset=\"https:\/\/dr-christoph-schumacher.de\/wp-content\/uploads\/2016\/05\/praxis_badenweiler-31-1-768x512-300x200.jpg 300w, https:\/\/dr-christoph-schumacher.de\/wp-content\/uploads\/2016\/05\/praxis_badenweiler-31-1-768x512.jpg 768w\" sizes=\"auto, (max-width: 534px) 85vw, 534px\" \/><\/p>\n","protected":false},"excerpt":{"rendered":"<p>Sie finden uns in Badenweiler am Z\u00f6llinplatz 3 am Ende der Fu\u00dfg\u00e4ngerzone.<\/p>\n","protected":false},"author":1,"featured_media":0,"parent":0,"menu_order":0,"comment_status":"closed","ping_status":"closed","template":"","meta":{"footnotes":""},"class_list":["post-20","page","type-page","status-publish","hentry"],"_links":{"self":[{"href":"https:\/\/dr-christoph-schumacher.de\/index.php?rest_route=\/wp\/v2\/pages\/20","targetHints":{"allow":["GET"]}}],"collection":[{"href":"https:\/\/dr-christoph-schumacher.de\/index.php?rest_route=\/wp\/v2\/pages"}],"about":[{"href":"https:\/\/dr-christoph-schumacher.de\/index.php?rest_route=\/wp\/v2\/types\/page"}],"author":[{"embeddable":true,"href":"https:\/\/dr-christoph-schumacher.de\/index.php?rest_route=\/wp\/v2\/users\/1"}],"replies":[{"embeddable":true,"href":"https:\/\/dr-christoph-schumacher.de\/index.php?rest_route=%2Fwp%2Fv2%2Fcomments&post=20"}],"version-history":[{"count":6,"href":"https:\/\/dr-christoph-schumacher.de\/index.php?rest_route=\/wp\/v2\/pages\/20\/revisions"}],"predecessor-version":[{"id":163,"href":"https:\/\/dr-christoph-schumacher.de\/index.php?rest_route=\/wp\/v2\/pages\/20\/revisions\/163"}],"wp:attachment":[{"href":"https:\/\/dr-christoph-schumacher.de\/index.php?rest_route=%2Fwp%2Fv2%2Fmedia&parent=20"}],"curies":[{"name":"wp","href":"https:\/\/api.w.org\/{rel}","templated":true}]}}